{"id":27405,"date":"2023-10-26T11:37:24","date_gmt":"2023-10-26T11:37:24","guid":{"rendered":"https:\/\/visualretols.live-website.com\/?page_id=27405"},"modified":"2023-10-26T11:39:05","modified_gmt":"2023-10-26T11:39:05","slug":"masservicios","status":"publish","type":"page","link":"https:\/\/visualretolsbcn.com\/ca\/masservicios\/","title":{"rendered":"M\u00e1s Servicios"},"content":{"rendered":"<div data-elementor-type=\"wp-page\" data-elementor-id=\"27405\" class=\"elementor elementor-27405\">\n\t\t\t\t\t\t\t\t\t<section class=\"elementor-section elementor-top-section elementor-element elementor-element-6005762 elementor-section-boxed elementor-section-height-default elementor-section-height-default sc_fly_static\" data-id=\"6005762\" data-element_type=\"section\">\n\t\t\t\t\t\t<div class=\"elementor-container elementor-column-gap-extended\">\n\t\t\t\t\t<div class=\"elementor-column elementor-col-100 elementor-top-column elementor-element elementor-element-4c6834e sc_inner_width_none sc_content_align_inherit sc_layouts_column_icons_position_left sc_fly_static\" data-id=\"4c6834e\" data-element_type=\"column\">\n\t\t\t<div class=\"elementor-widget-wrap elementor-element-populated\">\n\t\t\t\t\t\t\t\t<div class=\"elementor-element elementor-element-9799132 sc_style_default sc_fly_static elementor-widget elementor-widget-trx_sc_blogger\" data-id=\"9799132\" data-element_type=\"widget\" data-widget_type=\"trx_sc_blogger.default\">\n\t\t\t\t<div class=\"elementor-widget-container\">\n\t\t\t<div \t\tclass=\"sc_blogger sc_blogger_lay_portfolio sc_blogger_lay_portfolio_style-1 sc_item_filters_tabs_none alignnone\" ><div class=\"sc_blogger_columns_wrap sc_item_columns sc_item_posts_container trx_addons_columns_wrap columns_padding_bottom\" ><div class=\"trx_addons_column-1_3\"><div data-post-id=\"27385\" data-item-number=\"1\" class=\"sc_blogger_item sc_item_container post_container sc_blogger_item_lay_portfolio sc_blogger_item_lay_portfolio_style-1 sc_blogger_item_odd sc_blogger_item_align_none post_format_standard sc_blogger_item_with_image sc_blogger_item_no_excerpt sc_blogger_item_image_position_top post-27385 cpt_services type-cpt_services status-publish has-post-thumbnail hentry cpt_services_group-rotulacion-en-barcelona-2\" ><div class=\"sc_blogger_item_body\"><div class=\"post_featured with_thumb hover_on_waves sc_item_featured sc_blogger_item_featured trx_addons_image_effects_on_waves\" data-image-effect=\"on_waves\" data-image-effect-scale=\"1\" data-image-effect-strength=\"30\"><img decoding=\"async\" width=\"650\" height=\"572\" src=\"https:\/\/visualretolsbcn.com\/wp-content\/uploads\/2023\/10\/Vinilo-en-impresion-digital-650x572.jpg\" class=\"attachment-ecoblue-thumb-medium-square size-ecoblue-thumb-medium-square wp-post-image\" alt=\"\" \/>\t\t\t\t\t\t<div class=\"mask\"><\/div>\n\t\t\t\t\t\t\t\t\t\t<a href=\"https:\/\/visualretolsbcn.com\/ca\/services\/vinilos-impresion-digital\/\"  aria-hidden=\"true\" class=\"icons\"><\/a>\r\n\t\t\t\t<\/div><div class=\"sc_blogger_item_content entry-content\"><h5 class=\"sc_blogger_item_title entry-title\" data-item-number=\"1\"><a href=\"https:\/\/visualretolsbcn.com\/ca\/services\/vinilos-impresion-digital\/\" rel=\"bookmark\">Vinilos en Impresi\u00f3n Digital<\/a><\/h5><div class=\"post_meta sc_blogger_item_meta post_meta_categories\"><span class=\"post_meta_item post_categories cat_sep\"><a href=\"https:\/\/visualretolsbcn.com\/ca\/services_group\/rotulacion-en-barcelona-2\/\" title=\"View all posts in Otros Servicios\">Otros Servicios<\/a><\/span><\/div><\/div><!-- .entry-content --><\/div><!-- .sc_blogger_item_body --><\/div><!-- .sc_blogger_item --><\/div><div class=\"trx_addons_column-1_3\"><div data-post-id=\"27384\" data-item-number=\"2\" class=\"sc_blogger_item sc_item_container post_container sc_blogger_item_lay_portfolio sc_blogger_item_lay_portfolio_style-1 sc_blogger_item_even sc_blogger_item_align_none post_format_standard sc_blogger_item_with_image sc_blogger_item_no_excerpt sc_blogger_item_image_position_top post-27384 cpt_services type-cpt_services status-publish has-post-thumbnail hentry cpt_services_group-rotulacion-en-barcelona-2\" ><div class=\"sc_blogger_item_body\"><div class=\"post_featured with_thumb hover_on_waves sc_item_featured sc_blogger_item_featured trx_addons_image_effects_on_waves\" data-image-effect=\"on_waves\" data-image-effect-scale=\"1\" data-image-effect-strength=\"30\"><img decoding=\"async\" width=\"650\" height=\"572\" src=\"https:\/\/visualretolsbcn.com\/wp-content\/uploads\/2023\/10\/Vinilo-decorativo-2-650x572.jpg\" class=\"attachment-ecoblue-thumb-medium-square size-ecoblue-thumb-medium-square wp-post-image\" alt=\"\" \/>\t\t\t\t\t\t<div class=\"mask\"><\/div>\n\t\t\t\t\t\t\t\t\t\t<a href=\"https:\/\/visualretolsbcn.com\/ca\/services\/vinilos-decorativos\/\"  aria-hidden=\"true\" class=\"icons\"><\/a>\r\n\t\t\t\t<\/div><div class=\"sc_blogger_item_content entry-content\"><h5 class=\"sc_blogger_item_title entry-title\" data-item-number=\"2\"><a href=\"https:\/\/visualretolsbcn.com\/ca\/services\/vinilos-decorativos\/\" rel=\"bookmark\">Vinilos Decorativos<\/a><\/h5><div class=\"post_meta sc_blogger_item_meta post_meta_categories\"><span class=\"post_meta_item post_categories cat_sep\"><a href=\"https:\/\/visualretolsbcn.com\/ca\/services_group\/rotulacion-en-barcelona-2\/\" title=\"View all posts in Otros Servicios\">Otros Servicios<\/a><\/span><\/div><\/div><!-- .entry-content --><\/div><!-- .sc_blogger_item_body --><\/div><!-- .sc_blogger_item --><\/div><div class=\"trx_addons_column-1_3\"><div data-post-id=\"27383\" data-item-number=\"3\" class=\"sc_blogger_item sc_item_container post_container sc_blogger_item_lay_portfolio sc_blogger_item_lay_portfolio_style-1 sc_blogger_item_odd sc_blogger_item_align_none post_format_standard sc_blogger_item_with_image sc_blogger_item_no_excerpt sc_blogger_item_image_position_top post-27383 cpt_services type-cpt_services status-publish has-post-thumbnail hentry cpt_services_group-rotulacion-en-barcelona-2\" ><div class=\"sc_blogger_item_body\"><div class=\"post_featured with_thumb hover_on_waves sc_item_featured sc_blogger_item_featured trx_addons_image_effects_on_waves\" data-image-effect=\"on_waves\" data-image-effect-scale=\"1\" data-image-effect-strength=\"30\"><img decoding=\"async\" width=\"650\" height=\"572\" src=\"https:\/\/visualretolsbcn.com\/wp-content\/uploads\/2023\/10\/vehiculos-650x572.jpg\" class=\"attachment-ecoblue-thumb-medium-square size-ecoblue-thumb-medium-square wp-post-image\" alt=\"\" \/>\t\t\t\t\t\t<div class=\"mask\"><\/div>\n\t\t\t\t\t\t\t\t\t\t<a href=\"https:\/\/visualretolsbcn.com\/ca\/services\/rotulacion-de-vehiculos\/\"  aria-hidden=\"true\" class=\"icons\"><\/a>\r\n\t\t\t\t<\/div><div class=\"sc_blogger_item_content entry-content\"><h5 class=\"sc_blogger_item_title entry-title\" data-item-number=\"3\"><a href=\"https:\/\/visualretolsbcn.com\/ca\/services\/rotulacion-de-vehiculos\/\" rel=\"bookmark\">Rotulaci\u00f3n de Veh\u00edculos<\/a><\/h5><div class=\"post_meta sc_blogger_item_meta post_meta_categories\"><span class=\"post_meta_item post_categories cat_sep\"><a href=\"https:\/\/visualretolsbcn.com\/ca\/services_group\/rotulacion-en-barcelona-2\/\" title=\"View all posts in Otros Servicios\">Otros Servicios<\/a><\/span><\/div><\/div><!-- .entry-content --><\/div><!-- .sc_blogger_item_body --><\/div><!-- .sc_blogger_item --><\/div><div class=\"trx_addons_column-1_3\"><div data-post-id=\"27381\" data-item-number=\"4\" class=\"sc_blogger_item sc_item_container post_container sc_blogger_item_lay_portfolio sc_blogger_item_lay_portfolio_style-1 sc_blogger_item_even sc_blogger_item_align_none post_format_standard sc_blogger_item_with_image sc_blogger_item_no_excerpt sc_blogger_item_image_position_top post-27381 cpt_services type-cpt_services status-publish has-post-thumbnail hentry cpt_services_group-rotulacion-en-barcelona-2\" ><div class=\"sc_blogger_item_body\"><div class=\"post_featured with_thumb hover_on_waves sc_item_featured sc_blogger_item_featured trx_addons_image_effects_on_waves\" data-image-effect=\"on_waves\" data-image-effect-scale=\"1\" data-image-effect-strength=\"30\"><img decoding=\"async\" width=\"650\" height=\"572\" src=\"https:\/\/visualretolsbcn.com\/wp-content\/uploads\/2023\/10\/senaleticaa-650x572.jpg\" class=\"attachment-ecoblue-thumb-medium-square size-ecoblue-thumb-medium-square wp-post-image\" alt=\"\" \/>\t\t\t\t\t\t<div class=\"mask\"><\/div>\n\t\t\t\t\t\t\t\t\t\t<a href=\"https:\/\/visualretolsbcn.com\/ca\/services\/stands-de-feria\/\"  aria-hidden=\"true\" class=\"icons\"><\/a>\r\n\t\t\t\t<\/div><div class=\"sc_blogger_item_content entry-content\"><h5 class=\"sc_blogger_item_title entry-title\" data-item-number=\"4\"><a href=\"https:\/\/visualretolsbcn.com\/ca\/services\/stands-de-feria\/\" rel=\"bookmark\">Stands de Feria<\/a><\/h5><div class=\"post_meta sc_blogger_item_meta post_meta_categories\"><span class=\"post_meta_item post_categories cat_sep\"><a href=\"https:\/\/visualretolsbcn.com\/ca\/services_group\/rotulacion-en-barcelona-2\/\" title=\"View all posts in Otros Servicios\">Otros Servicios<\/a><\/span><\/div><\/div><!-- .entry-content --><\/div><!-- .sc_blogger_item_body --><\/div><!-- .sc_blogger_item --><\/div><div class=\"trx_addons_column-1_3\"><div data-post-id=\"27377\" data-item-number=\"5\" class=\"sc_blogger_item sc_item_container post_container sc_blogger_item_lay_portfolio sc_blogger_item_lay_portfolio_style-1 sc_blogger_item_odd sc_blogger_item_align_none post_format_standard sc_blogger_item_with_image sc_blogger_item_no_excerpt sc_blogger_item_image_position_top post-27377 cpt_services type-cpt_services status-publish has-post-thumbnail hentry cpt_services_group-rotulacion-en-barcelona-2\" ><div class=\"sc_blogger_item_body\"><div class=\"post_featured with_thumb hover_on_waves sc_item_featured sc_blogger_item_featured trx_addons_image_effects_on_waves\" data-image-effect=\"on_waves\" data-image-effect-scale=\"1\" data-image-effect-strength=\"30\"><img decoding=\"async\" width=\"650\" height=\"572\" src=\"https:\/\/visualretolsbcn.com\/wp-content\/uploads\/2023\/10\/senaletica-2-650x572.jpg\" class=\"attachment-ecoblue-thumb-medium-square size-ecoblue-thumb-medium-square wp-post-image\" alt=\"\" \/>\t\t\t\t\t\t<div class=\"mask\"><\/div>\n\t\t\t\t\t\t\t\t\t\t<a href=\"https:\/\/visualretolsbcn.com\/ca\/services\/pancartas-senaleticas\/\"  aria-hidden=\"true\" class=\"icons\"><\/a>\r\n\t\t\t\t<\/div><div class=\"sc_blogger_item_content entry-content\"><h5 class=\"sc_blogger_item_title entry-title\" data-item-number=\"5\"><a href=\"https:\/\/visualretolsbcn.com\/ca\/services\/pancartas-senaleticas\/\" rel=\"bookmark\">Se\u00f1al\u00e9tica<\/a><\/h5><div class=\"post_meta sc_blogger_item_meta post_meta_categories\"><span class=\"post_meta_item post_categories cat_sep\"><a href=\"https:\/\/visualretolsbcn.com\/ca\/services_group\/rotulacion-en-barcelona-2\/\" title=\"View all posts in Otros Servicios\">Otros Servicios<\/a><\/span><\/div><\/div><!-- .entry-content --><\/div><!-- .sc_blogger_item_body --><\/div><!-- .sc_blogger_item --><\/div><div class=\"trx_addons_column-1_3\"><div data-post-id=\"27376\" data-item-number=\"6\" class=\"sc_blogger_item sc_item_container post_container sc_blogger_item_lay_portfolio sc_blogger_item_lay_portfolio_style-1 sc_blogger_item_even sc_blogger_item_align_none post_format_standard sc_blogger_item_with_image sc_blogger_item_no_excerpt sc_blogger_item_image_position_top post-27376 cpt_services type-cpt_services status-publish has-post-thumbnail hentry cpt_services_group-rotulacion-en-barcelona-2\" ><div class=\"sc_blogger_item_body\"><div class=\"post_featured with_thumb hover_on_waves sc_item_featured sc_blogger_item_featured trx_addons_image_effects_on_waves\" data-image-effect=\"on_waves\" data-image-effect-scale=\"1\" data-image-effect-strength=\"30\"><img decoding=\"async\" width=\"650\" height=\"572\" src=\"https:\/\/visualretolsbcn.com\/wp-content\/uploads\/2023\/10\/lona-pancarta-650x572.jpg\" class=\"attachment-ecoblue-thumb-medium-square size-ecoblue-thumb-medium-square wp-post-image\" alt=\"\" \/>\t\t\t\t\t\t<div class=\"mask\"><\/div>\n\t\t\t\t\t\t\t\t\t\t<a href=\"https:\/\/visualretolsbcn.com\/ca\/services\/lonas-y-pancartas-en-barcelona\/\"  aria-hidden=\"true\" class=\"icons\"><\/a>\r\n\t\t\t\t<\/div><div class=\"sc_blogger_item_content entry-content\"><h5 class=\"sc_blogger_item_title entry-title\" data-item-number=\"6\"><a href=\"https:\/\/visualretolsbcn.com\/ca\/services\/lonas-y-pancartas-en-barcelona\/\" rel=\"bookmark\">Lonas y Pancartas<\/a><\/h5><div class=\"post_meta sc_blogger_item_meta post_meta_categories\"><span class=\"post_meta_item post_categories cat_sep\"><a href=\"https:\/\/visualretolsbcn.com\/ca\/services_group\/rotulacion-en-barcelona-2\/\" title=\"View all posts in Otros Servicios\">Otros Servicios<\/a><\/span><\/div><\/div><!-- .entry-content --><\/div><!-- .sc_blogger_item_body --><\/div><!-- .sc_blogger_item --><\/div><div class=\"trx_addons_column-1_3\"><div data-post-id=\"26652\" data-item-number=\"7\" class=\"sc_blogger_item sc_item_container post_container sc_blogger_item_lay_portfolio sc_blogger_item_lay_portfolio_style-1 sc_blogger_item_odd sc_blogger_item_align_none post_format_standard sc_blogger_item_with_image sc_blogger_item_no_excerpt sc_blogger_item_image_position_top post-26652 cpt_services type-cpt_services status-publish has-post-thumbnail hentry cpt_services_group-rotulacion-en-barcelona-2\" ><div class=\"sc_blogger_item_body\"><div class=\"post_featured with_thumb hover_on_waves sc_item_featured sc_blogger_item_featured trx_addons_image_effects_on_waves\" data-image-effect=\"on_waves\" data-image-effect-scale=\"1\" data-image-effect-strength=\"30\"><img decoding=\"async\" width=\"650\" height=\"572\" src=\"https:\/\/visualretolsbcn.com\/wp-content\/uploads\/2023\/09\/lamina-vidrio-650x572.jpg\" class=\"attachment-ecoblue-thumb-medium-square size-ecoblue-thumb-medium-square wp-post-image\" alt=\"\" \/>\t\t\t\t\t\t<div class=\"mask\"><\/div>\n\t\t\t\t\t\t\t\t\t\t<a href=\"https:\/\/visualretolsbcn.com\/ca\/services\/laminas-para-vidrios-barcelona\/\"  aria-hidden=\"true\" class=\"icons\"><\/a>\r\n\t\t\t\t<\/div><div class=\"sc_blogger_item_content entry-content\"><h5 class=\"sc_blogger_item_title entry-title\" data-item-number=\"7\"><a href=\"https:\/\/visualretolsbcn.com\/ca\/services\/laminas-para-vidrios-barcelona\/\" rel=\"bookmark\">L\u00e1minas para Vidrios<\/a><\/h5><div class=\"post_meta sc_blogger_item_meta post_meta_categories\"><span class=\"post_meta_item post_categories cat_sep\"><a href=\"https:\/\/visualretolsbcn.com\/ca\/services_group\/rotulacion-en-barcelona-2\/\" title=\"View all posts in Otros Servicios\">Otros Servicios<\/a><\/span><\/div><\/div><!-- .entry-content --><\/div><!-- .sc_blogger_item_body --><\/div><!-- .sc_blogger_item --><\/div><\/div><\/div>\t\t<\/div>\n\t\t\t\t<\/div>\n\t\t\t\t\t<\/div>\n\t\t<\/div>\n\t\t\t\t\t\t\t<\/div>\n\t\t<\/section>\n\t\t\t\t\t\t\t<\/div>","protected":false},"excerpt":{"rendered":"<p>Vinilos Glaseados Otros Servicios Vinilos Decorativos Otros Servicios Rotulaci\u00f3n de Veh\u00edculos Otros Servicios Stands de Feria Otros Servicios Se\u00f1al\u00e9tica Otros Servicios Lonas y Pancartas Otros Servicios L\u00e1minas para Vidrios Otros&hellip;<\/p>","protected":false},"author":1,"featured_media":0,"parent":0,"menu_order":0,"comment_status":"closed","ping_status":"closed","template":"","meta":{"footnotes":""},"class_list":["post-27405","page","type-page","status-publish","hentry"],"yoast_head":"<!-- This site is optimized with the Yoast SEO plugin v21.9.1 - https:\/\/yoast.com\/wordpress\/plugins\/seo\/ -->\n<title>M\u00e1s Servicios - Visual R\u00e8tols BCN<\/title>\n<meta name=\"robots\" content=\"index, follow, max-snippet:-1, max-image-preview:large, max-video-preview:-1\" \/>\n<link rel=\"canonical\" href=\"https:\/\/visualretolsbcn.com\/ca\/masservicios\/\" \/>\n<meta property=\"og:locale\" content=\"ca_ES\" \/>\n<meta property=\"og:type\" content=\"article\" \/>\n<meta property=\"og:title\" content=\"M\u00e1s Servicios - Visual R\u00e8tols BCN\" \/>\n<meta property=\"og:description\" content=\"Vinilos Glaseados Otros Servicios Vinilos Decorativos Otros Servicios Rotulaci\u00f3n de Veh\u00edculos Otros Servicios Stands de Feria Otros Servicios Se\u00f1al\u00e9tica Otros Servicios Lonas y Pancartas Otros Servicios L\u00e1minas para Vidrios Otros&hellip;\" \/>\n<meta property=\"og:url\" content=\"https:\/\/visualretolsbcn.com\/ca\/masservicios\/\" \/>\n<meta property=\"og:site_name\" content=\"Visual R\u00e8tols BCN\" \/>\n<meta property=\"article:modified_time\" content=\"2023-10-26T11:39:05+00:00\" \/>\n<meta property=\"og:image\" content=\"https:\/\/visualretolsbcn.com\/wp-content\/uploads\/2023\/10\/senaleticaa-650x572.jpg\" \/>\n<meta name=\"twitter:card\" content=\"summary_large_image\" \/>\n<script type=\"application\/ld+json\" class=\"yoast-schema-graph\">{\"@context\":\"https:\/\/schema.org\",\"@graph\":[{\"@type\":\"WebPage\",\"@id\":\"https:\/\/visualretolsbcn.com\/masservicios\/\",\"url\":\"https:\/\/visualretolsbcn.com\/masservicios\/\",\"name\":\"M\u00e1s Servicios - Visual R\u00e8tols BCN\",\"isPartOf\":{\"@id\":\"https:\/\/visualretolsbcn.com\/#website\"},\"datePublished\":\"2023-10-26T11:37:24+00:00\",\"dateModified\":\"2023-10-26T11:39:05+00:00\",\"breadcrumb\":{\"@id\":\"https:\/\/visualretolsbcn.com\/masservicios\/#breadcrumb\"},\"inLanguage\":\"ca\",\"potentialAction\":[{\"@type\":\"ReadAction\",\"target\":[\"https:\/\/visualretolsbcn.com\/masservicios\/\"]}]},{\"@type\":\"BreadcrumbList\",\"@id\":\"https:\/\/visualretolsbcn.com\/masservicios\/#breadcrumb\",\"itemListElement\":[{\"@type\":\"ListItem\",\"position\":1,\"name\":\"Portada\",\"item\":\"https:\/\/visualretolsbcn.com\/\"},{\"@type\":\"ListItem\",\"position\":2,\"name\":\"M\u00e1s Servicios\"}]},{\"@type\":\"WebSite\",\"@id\":\"https:\/\/visualretolsbcn.com\/#website\",\"url\":\"https:\/\/visualretolsbcn.com\/\",\"name\":\"Visual R\u00e8tols BCN\",\"description\":\"Fabricaci\u00f3n de R\u00f3tulos en Barcelona \",\"publisher\":{\"@id\":\"https:\/\/visualretolsbcn.com\/#organization\"},\"potentialAction\":[{\"@type\":\"SearchAction\",\"target\":{\"@type\":\"EntryPoint\",\"urlTemplate\":\"https:\/\/visualretolsbcn.com\/?s={search_term_string}\"},\"query-input\":\"required name=search_term_string\"}],\"inLanguage\":\"ca\"},{\"@type\":\"Organization\",\"@id\":\"https:\/\/visualretolsbcn.com\/#organization\",\"name\":\"Visual R\u00e8tols BCN\",\"url\":\"https:\/\/visualretolsbcn.com\/\",\"logo\":{\"@type\":\"ImageObject\",\"inLanguage\":\"ca\",\"@id\":\"https:\/\/visualretolsbcn.com\/#\/schema\/logo\/image\/\",\"url\":\"https:\/\/visualretolsbcn.com\/wp-content\/uploads\/2023\/10\/LOGOTIPO-VISUAL-RETOLS.png\",\"contentUrl\":\"https:\/\/visualretolsbcn.com\/wp-content\/uploads\/2023\/10\/LOGOTIPO-VISUAL-RETOLS.png\",\"width\":174,\"height\":140,\"caption\":\"Visual R\u00e8tols BCN \"},\"image\":{\"@id\":\"https:\/\/visualretolsbcn.com\/#\/schema\/logo\/image\/\"}}]}<\/script>\n<!-- \/ Yoast SEO plugin. -->","yoast_head_json":{"title":"M\u00e1s Servicios - Visual R\u00e8tols BCN","robots":{"index":"index","follow":"follow","max-snippet":"max-snippet:-1","max-image-preview":"max-image-preview:large","max-video-preview":"max-video-preview:-1"},"canonical":"https:\/\/visualretolsbcn.com\/ca\/masservicios\/","og_locale":"ca_ES","og_type":"article","og_title":"M\u00e1s Servicios - Visual R\u00e8tols BCN","og_description":"Vinilos Glaseados Otros Servicios Vinilos Decorativos Otros Servicios Rotulaci\u00f3n de Veh\u00edculos Otros Servicios Stands de Feria Otros Servicios Se\u00f1al\u00e9tica Otros Servicios Lonas y Pancartas Otros Servicios L\u00e1minas para Vidrios Otros&hellip;","og_url":"https:\/\/visualretolsbcn.com\/ca\/masservicios\/","og_site_name":"Visual R\u00e8tols BCN","article_modified_time":"2023-10-26T11:39:05+00:00","og_image":[{"url":"https:\/\/visualretolsbcn.com\/wp-content\/uploads\/2023\/10\/senaleticaa-650x572.jpg"}],"twitter_card":"summary_large_image","schema":{"@context":"https:\/\/schema.org","@graph":[{"@type":"WebPage","@id":"https:\/\/visualretolsbcn.com\/masservicios\/","url":"https:\/\/visualretolsbcn.com\/masservicios\/","name":"M\u00e1s Servicios - Visual R\u00e8tols BCN","isPartOf":{"@id":"https:\/\/visualretolsbcn.com\/#website"},"datePublished":"2023-10-26T11:37:24+00:00","dateModified":"2023-10-26T11:39:05+00:00","breadcrumb":{"@id":"https:\/\/visualretolsbcn.com\/masservicios\/#breadcrumb"},"inLanguage":"ca","potentialAction":[{"@type":"ReadAction","target":["https:\/\/visualretolsbcn.com\/masservicios\/"]}]},{"@type":"BreadcrumbList","@id":"https:\/\/visualretolsbcn.com\/masservicios\/#breadcrumb","itemListElement":[{"@type":"ListItem","position":1,"name":"Portada","item":"https:\/\/visualretolsbcn.com\/"},{"@type":"ListItem","position":2,"name":"M\u00e1s Servicios"}]},{"@type":"WebSite","@id":"https:\/\/visualretolsbcn.com\/#website","url":"https:\/\/visualretolsbcn.com\/","name":"Visual R\u00e8tols BCN","description":"Fabricaci\u00f3n de R\u00f3tulos en Barcelona ","publisher":{"@id":"https:\/\/visualretolsbcn.com\/#organization"},"potentialAction":[{"@type":"SearchAction","target":{"@type":"EntryPoint","urlTemplate":"https:\/\/visualretolsbcn.com\/?s={search_term_string}"},"query-input":"required name=search_term_string"}],"inLanguage":"ca"},{"@type":"Organization","@id":"https:\/\/visualretolsbcn.com\/#organization","name":"Visual R\u00e8tols BCN","url":"https:\/\/visualretolsbcn.com\/","logo":{"@type":"ImageObject","inLanguage":"ca","@id":"https:\/\/visualretolsbcn.com\/#\/schema\/logo\/image\/","url":"https:\/\/visualretolsbcn.com\/wp-content\/uploads\/2023\/10\/LOGOTIPO-VISUAL-RETOLS.png","contentUrl":"https:\/\/visualretolsbcn.com\/wp-content\/uploads\/2023\/10\/LOGOTIPO-VISUAL-RETOLS.png","width":174,"height":140,"caption":"Visual R\u00e8tols BCN "},"image":{"@id":"https:\/\/visualretolsbcn.com\/#\/schema\/logo\/image\/"}}]}},"_links":{"self":[{"href":"https:\/\/visualretolsbcn.com\/ca\/wp-json\/wp\/v2\/pages\/27405","targetHints":{"allow":["GET"]}}],"collection":[{"href":"https:\/\/visualretolsbcn.com\/ca\/wp-json\/wp\/v2\/pages"}],"about":[{"href":"https:\/\/visualretolsbcn.com\/ca\/wp-json\/wp\/v2\/types\/page"}],"author":[{"embeddable":true,"href":"https:\/\/visualretolsbcn.com\/ca\/wp-json\/wp\/v2\/users\/1"}],"replies":[{"embeddable":true,"href":"https:\/\/visualretolsbcn.com\/ca\/wp-json\/wp\/v2\/comments?post=27405"}],"version-history":[{"count":4,"href":"https:\/\/visualretolsbcn.com\/ca\/wp-json\/wp\/v2\/pages\/27405\/revisions"}],"predecessor-version":[{"id":27409,"href":"https:\/\/visualretolsbcn.com\/ca\/wp-json\/wp\/v2\/pages\/27405\/revisions\/27409"}],"wp:attachment":[{"href":"https:\/\/visualretolsbcn.com\/ca\/wp-json\/wp\/v2\/media?parent=27405"}],"curies":[{"name":"wp","href":"https:\/\/api.w.org\/{rel}","templated":true}]}}