{"id":27397,"date":"2023-10-26T11:34:06","date_gmt":"2023-10-26T11:34:06","guid":{"rendered":"https:\/\/visualretols.live-website.com\/?page_id=27397"},"modified":"2023-10-26T11:36:26","modified_gmt":"2023-10-26T11:36:26","slug":"rotulos","status":"publish","type":"page","link":"https:\/\/visualretolsbcn.com\/ca\/rotulos\/","title":{"rendered":"Rotulos"},"content":{"rendered":"<div data-elementor-type=\"wp-page\" data-elementor-id=\"27397\" class=\"elementor elementor-27397\">\n\t\t\t\t\t\t\t\t\t<section class=\"elementor-section elementor-top-section elementor-element elementor-element-6005762 elementor-section-boxed elementor-section-height-default elementor-section-height-default sc_fly_static\" data-id=\"6005762\" data-element_type=\"section\">\n\t\t\t\t\t\t<div class=\"elementor-container elementor-column-gap-extended\">\n\t\t\t\t\t<div class=\"elementor-column elementor-col-100 elementor-top-column elementor-element elementor-element-4c6834e sc_inner_width_none sc_content_align_inherit sc_layouts_column_icons_position_left sc_fly_static\" data-id=\"4c6834e\" data-element_type=\"column\">\n\t\t\t<div class=\"elementor-widget-wrap elementor-element-populated\">\n\t\t\t\t\t\t\t\t<div class=\"elementor-element elementor-element-9799132 sc_style_default sc_fly_static elementor-widget elementor-widget-trx_sc_blogger\" data-id=\"9799132\" data-element_type=\"widget\" data-widget_type=\"trx_sc_blogger.default\">\n\t\t\t\t<div class=\"elementor-widget-container\">\n\t\t\t<div \t\tclass=\"sc_blogger sc_blogger_lay_portfolio sc_blogger_lay_portfolio_style-1 sc_item_filters_tabs_none alignnone\" ><div class=\"sc_blogger_columns_wrap sc_item_columns sc_item_posts_container trx_addons_columns_wrap columns_padding_bottom\" ><div class=\"trx_addons_column-1_3\"><div data-post-id=\"27426\" data-item-number=\"1\" class=\"sc_blogger_item sc_item_container post_container sc_blogger_item_lay_portfolio sc_blogger_item_lay_portfolio_style-1 sc_blogger_item_odd sc_blogger_item_align_none post_format_standard sc_blogger_item_with_image sc_blogger_item_no_excerpt sc_blogger_item_image_position_top post-27426 cpt_services type-cpt_services status-publish has-post-thumbnail hentry cpt_services_group-rotulacion-en-barcelona\" ><div class=\"sc_blogger_item_body\"><div class=\"post_featured with_thumb hover_on_waves sc_item_featured sc_blogger_item_featured trx_addons_image_effects_on_waves\" data-image-effect=\"on_waves\" data-image-effect-scale=\"1\" data-image-effect-strength=\"30\"><img decoding=\"async\" width=\"650\" height=\"572\" src=\"https:\/\/visualretolsbcn.com\/wp-content\/uploads\/2023\/10\/neon-650x572.jpg\" class=\"attachment-ecoblue-thumb-medium-square size-ecoblue-thumb-medium-square wp-post-image\" alt=\"\" \/>\t\t\t\t\t\t<div class=\"mask\"><\/div>\n\t\t\t\t\t\t\t\t\t\t<a href=\"https:\/\/visualretolsbcn.com\/ca\/services\/rotulos-neon\/\"  aria-hidden=\"true\" class=\"icons\"><\/a>\r\n\t\t\t\t<\/div><div class=\"sc_blogger_item_content entry-content\"><h5 class=\"sc_blogger_item_title entry-title\" data-item-number=\"1\"><a href=\"https:\/\/visualretolsbcn.com\/ca\/services\/rotulos-neon\/\" rel=\"bookmark\">R\u00f3tulos Ne\u00f3n<\/a><\/h5><div class=\"post_meta sc_blogger_item_meta post_meta_categories\"><span class=\"post_meta_item post_categories cat_sep\"><a href=\"https:\/\/visualretolsbcn.com\/ca\/services_group\/rotulacion-en-barcelona\/\" title=\"View all posts in R\u00f3tulos\">R\u00f3tulos<\/a><\/span><\/div><\/div><!-- .entry-content --><\/div><!-- .sc_blogger_item_body --><\/div><!-- .sc_blogger_item --><\/div><div class=\"trx_addons_column-1_3\"><div data-post-id=\"27425\" data-item-number=\"2\" class=\"sc_blogger_item sc_item_container post_container sc_blogger_item_lay_portfolio sc_blogger_item_lay_portfolio_style-1 sc_blogger_item_even sc_blogger_item_align_none post_format_standard sc_blogger_item_with_image sc_blogger_item_no_excerpt sc_blogger_item_image_position_top post-27425 cpt_services type-cpt_services status-publish has-post-thumbnail hentry cpt_services_group-rotulacion-en-barcelona\" ><div class=\"sc_blogger_item_body\"><div class=\"post_featured with_thumb hover_on_waves sc_item_featured sc_blogger_item_featured trx_addons_image_effects_on_waves\" data-image-effect=\"on_waves\" data-image-effect-scale=\"1\" data-image-effect-strength=\"30\"><img decoding=\"async\" width=\"650\" height=\"572\" src=\"https:\/\/visualretolsbcn.com\/wp-content\/uploads\/2023\/10\/metalico-650x572.jpg\" class=\"attachment-ecoblue-thumb-medium-square size-ecoblue-thumb-medium-square wp-post-image\" alt=\"\" \/>\t\t\t\t\t\t<div class=\"mask\"><\/div>\n\t\t\t\t\t\t\t\t\t\t<a href=\"https:\/\/visualretolsbcn.com\/ca\/services\/rotulos-metalicos\/\"  aria-hidden=\"true\" class=\"icons\"><\/a>\r\n\t\t\t\t<\/div><div class=\"sc_blogger_item_content entry-content\"><h5 class=\"sc_blogger_item_title entry-title\" data-item-number=\"2\"><a href=\"https:\/\/visualretolsbcn.com\/ca\/services\/rotulos-metalicos\/\" rel=\"bookmark\">R\u00f3tulos Met\u00e1licos<\/a><\/h5><div class=\"post_meta sc_blogger_item_meta post_meta_categories\"><span class=\"post_meta_item post_categories cat_sep\"><a href=\"https:\/\/visualretolsbcn.com\/ca\/services_group\/rotulacion-en-barcelona\/\" title=\"View all posts in R\u00f3tulos\">R\u00f3tulos<\/a><\/span><\/div><\/div><!-- .entry-content --><\/div><!-- .sc_blogger_item_body --><\/div><!-- .sc_blogger_item --><\/div><div class=\"trx_addons_column-1_3\"><div data-post-id=\"27424\" data-item-number=\"3\" class=\"sc_blogger_item sc_item_container post_container sc_blogger_item_lay_portfolio sc_blogger_item_lay_portfolio_style-1 sc_blogger_item_odd sc_blogger_item_align_none post_format_standard sc_blogger_item_with_image sc_blogger_item_no_excerpt sc_blogger_item_image_position_top post-27424 cpt_services type-cpt_services status-publish has-post-thumbnail hentry cpt_services_group-rotulacion-en-barcelona\" ><div class=\"sc_blogger_item_body\"><div class=\"post_featured with_thumb hover_on_waves sc_item_featured sc_blogger_item_featured trx_addons_image_effects_on_waves\" data-image-effect=\"on_waves\" data-image-effect-scale=\"1\" data-image-effect-strength=\"30\"><img decoding=\"async\" width=\"650\" height=\"572\" src=\"https:\/\/visualretolsbcn.com\/wp-content\/uploads\/2023\/10\/madera-650x572.jpg\" class=\"attachment-ecoblue-thumb-medium-square size-ecoblue-thumb-medium-square wp-post-image\" alt=\"\" \/>\t\t\t\t\t\t<div class=\"mask\"><\/div>\n\t\t\t\t\t\t\t\t\t\t<a href=\"https:\/\/visualretolsbcn.com\/ca\/services\/rotulos-de-madera\/\"  aria-hidden=\"true\" class=\"icons\"><\/a>\r\n\t\t\t\t<\/div><div class=\"sc_blogger_item_content entry-content\"><h5 class=\"sc_blogger_item_title entry-title\" data-item-number=\"3\"><a href=\"https:\/\/visualretolsbcn.com\/ca\/services\/rotulos-de-madera\/\" rel=\"bookmark\">R\u00f3tulos de Madera<\/a><\/h5><div class=\"post_meta sc_blogger_item_meta post_meta_categories\"><span class=\"post_meta_item post_categories cat_sep\"><a href=\"https:\/\/visualretolsbcn.com\/ca\/services_group\/rotulacion-en-barcelona\/\" title=\"View all posts in R\u00f3tulos\">R\u00f3tulos<\/a><\/span><\/div><\/div><!-- .entry-content --><\/div><!-- .sc_blogger_item_body --><\/div><!-- .sc_blogger_item --><\/div><div class=\"trx_addons_column-1_3\"><div data-post-id=\"27423\" data-item-number=\"4\" class=\"sc_blogger_item sc_item_container post_container sc_blogger_item_lay_portfolio sc_blogger_item_lay_portfolio_style-1 sc_blogger_item_even sc_blogger_item_align_none post_format_standard sc_blogger_item_with_image sc_blogger_item_no_excerpt sc_blogger_item_image_position_top post-27423 cpt_services type-cpt_services status-publish has-post-thumbnail hentry cpt_services_group-rotulacion-en-barcelona\" ><div class=\"sc_blogger_item_body\"><div class=\"post_featured with_thumb hover_on_waves sc_item_featured sc_blogger_item_featured trx_addons_image_effects_on_waves\" data-image-effect=\"on_waves\" data-image-effect-scale=\"1\" data-image-effect-strength=\"30\"><img decoding=\"async\" width=\"650\" height=\"572\" src=\"https:\/\/visualretolsbcn.com\/wp-content\/uploads\/2023\/10\/punto-led-3-650x572.jpg\" class=\"attachment-ecoblue-thumb-medium-square size-ecoblue-thumb-medium-square wp-post-image\" alt=\"\" \/>\t\t\t\t\t\t<div class=\"mask\"><\/div>\n\t\t\t\t\t\t\t\t\t\t<a href=\"https:\/\/visualretolsbcn.com\/ca\/services\/diseno-punto-led\/\"  aria-hidden=\"true\" class=\"icons\"><\/a>\r\n\t\t\t\t<\/div><div class=\"sc_blogger_item_content entry-content\"><h5 class=\"sc_blogger_item_title entry-title\" data-item-number=\"4\"><a href=\"https:\/\/visualretolsbcn.com\/ca\/services\/diseno-punto-led\/\" rel=\"bookmark\">Punto Led<\/a><\/h5><div class=\"post_meta sc_blogger_item_meta post_meta_categories\"><span class=\"post_meta_item post_categories cat_sep\"><a href=\"https:\/\/visualretolsbcn.com\/ca\/services_group\/rotulacion-en-barcelona\/\" title=\"View all posts in R\u00f3tulos\">R\u00f3tulos<\/a><\/span><\/div><\/div><!-- .entry-content --><\/div><!-- .sc_blogger_item_body --><\/div><!-- .sc_blogger_item --><\/div><div class=\"trx_addons_column-1_3\"><div data-post-id=\"27422\" data-item-number=\"5\" class=\"sc_blogger_item sc_item_container post_container sc_blogger_item_lay_portfolio sc_blogger_item_lay_portfolio_style-1 sc_blogger_item_odd sc_blogger_item_align_none post_format_standard sc_blogger_item_with_image sc_blogger_item_no_excerpt sc_blogger_item_image_position_top post-27422 cpt_services type-cpt_services status-publish has-post-thumbnail hentry cpt_services_group-rotulacion-en-barcelona\" ><div class=\"sc_blogger_item_body\"><div class=\"post_featured with_thumb hover_on_waves sc_item_featured sc_blogger_item_featured trx_addons_image_effects_on_waves\" data-image-effect=\"on_waves\" data-image-effect-scale=\"1\" data-image-effect-strength=\"30\"><img decoding=\"async\" width=\"650\" height=\"572\" src=\"https:\/\/visualretolsbcn.com\/wp-content\/uploads\/2023\/10\/plafon-2-650x572.jpg\" class=\"attachment-ecoblue-thumb-medium-square size-ecoblue-thumb-medium-square wp-post-image\" alt=\"\" \/>\t\t\t\t\t\t<div class=\"mask\"><\/div>\n\t\t\t\t\t\t\t\t\t\t<a href=\"https:\/\/visualretolsbcn.com\/ca\/services\/plafon\/\"  aria-hidden=\"true\" class=\"icons\"><\/a>\r\n\t\t\t\t<\/div><div class=\"sc_blogger_item_content entry-content\"><h5 class=\"sc_blogger_item_title entry-title\" data-item-number=\"5\"><a href=\"https:\/\/visualretolsbcn.com\/ca\/services\/plafon\/\" rel=\"bookmark\">Plaf\u00f3n<\/a><\/h5><div class=\"post_meta sc_blogger_item_meta post_meta_categories\"><span class=\"post_meta_item post_categories cat_sep\"><a href=\"https:\/\/visualretolsbcn.com\/ca\/services_group\/rotulacion-en-barcelona\/\" title=\"View all posts in R\u00f3tulos\">R\u00f3tulos<\/a><\/span><\/div><\/div><!-- .entry-content --><\/div><!-- .sc_blogger_item_body --><\/div><!-- .sc_blogger_item --><\/div><div class=\"trx_addons_column-1_3\"><div data-post-id=\"27421\" data-item-number=\"6\" class=\"sc_blogger_item sc_item_container post_container sc_blogger_item_lay_portfolio sc_blogger_item_lay_portfolio_style-1 sc_blogger_item_even sc_blogger_item_align_none post_format_standard sc_blogger_item_with_image sc_blogger_item_no_excerpt sc_blogger_item_image_position_top post-27421 cpt_services type-cpt_services status-publish has-post-thumbnail hentry cpt_services_group-rotulacion-en-barcelona\" ><div class=\"sc_blogger_item_body\"><div class=\"post_featured with_thumb hover_on_waves sc_item_featured sc_blogger_item_featured trx_addons_image_effects_on_waves\" data-image-effect=\"on_waves\" data-image-effect-scale=\"1\" data-image-effect-strength=\"30\"><img decoding=\"async\" width=\"650\" height=\"572\" src=\"https:\/\/visualretolsbcn.com\/wp-content\/uploads\/2023\/10\/placa-2-650x572.jpg\" class=\"attachment-ecoblue-thumb-medium-square size-ecoblue-thumb-medium-square wp-post-image\" alt=\"\" \/>\t\t\t\t\t\t<div class=\"mask\"><\/div>\n\t\t\t\t\t\t\t\t\t\t<a href=\"https:\/\/visualretolsbcn.com\/ca\/services\/rotulos-de-placa-extraplana\/\"  aria-hidden=\"true\" class=\"icons\"><\/a>\r\n\t\t\t\t<\/div><div class=\"sc_blogger_item_content entry-content\"><h5 class=\"sc_blogger_item_title entry-title\" data-item-number=\"6\"><a href=\"https:\/\/visualretolsbcn.com\/ca\/services\/rotulos-de-placa-extraplana\/\" rel=\"bookmark\">Placa Extraplana<\/a><\/h5><div class=\"post_meta sc_blogger_item_meta post_meta_categories\"><span class=\"post_meta_item post_categories cat_sep\"><a href=\"https:\/\/visualretolsbcn.com\/ca\/services_group\/rotulacion-en-barcelona\/\" title=\"View all posts in R\u00f3tulos\">R\u00f3tulos<\/a><\/span><\/div><\/div><!-- .entry-content --><\/div><!-- .sc_blogger_item_body --><\/div><!-- .sc_blogger_item --><\/div><div class=\"trx_addons_column-1_3\"><div data-post-id=\"27420\" data-item-number=\"7\" class=\"sc_blogger_item sc_item_container post_container sc_blogger_item_lay_portfolio sc_blogger_item_lay_portfolio_style-1 sc_blogger_item_odd sc_blogger_item_align_none post_format_standard sc_blogger_item_with_image sc_blogger_item_no_excerpt sc_blogger_item_image_position_top post-27420 cpt_services type-cpt_services status-publish has-post-thumbnail hentry cpt_services_group-rotulacion-en-barcelona\" ><div class=\"sc_blogger_item_body\"><div class=\"post_featured with_thumb hover_on_waves sc_item_featured sc_blogger_item_featured trx_addons_image_effects_on_waves\" data-image-effect=\"on_waves\" data-image-effect-scale=\"1\" data-image-effect-strength=\"30\"><img decoding=\"async\" width=\"650\" height=\"572\" src=\"https:\/\/visualretolsbcn.com\/wp-content\/uploads\/2023\/10\/pintados-650x572.jpg\" class=\"attachment-ecoblue-thumb-medium-square size-ecoblue-thumb-medium-square wp-post-image\" alt=\"\" \/>\t\t\t\t\t\t<div class=\"mask\"><\/div>\n\t\t\t\t\t\t\t\t\t\t<a href=\"https:\/\/visualretolsbcn.com\/ca\/services\/rotulos-pintados\/\"  aria-hidden=\"true\" class=\"icons\"><\/a>\r\n\t\t\t\t<\/div><div class=\"sc_blogger_item_content entry-content\"><h5 class=\"sc_blogger_item_title entry-title\" data-item-number=\"7\"><a href=\"https:\/\/visualretolsbcn.com\/ca\/services\/rotulos-pintados\/\" rel=\"bookmark\">Pintados<\/a><\/h5><div class=\"post_meta sc_blogger_item_meta post_meta_categories\"><span class=\"post_meta_item post_categories cat_sep\"><a href=\"https:\/\/visualretolsbcn.com\/ca\/services_group\/rotulacion-en-barcelona\/\" title=\"View all posts in R\u00f3tulos\">R\u00f3tulos<\/a><\/span><\/div><\/div><!-- .entry-content --><\/div><!-- .sc_blogger_item_body --><\/div><!-- .sc_blogger_item --><\/div><div class=\"trx_addons_column-1_3\"><div data-post-id=\"27419\" data-item-number=\"8\" class=\"sc_blogger_item sc_item_container post_container sc_blogger_item_lay_portfolio sc_blogger_item_lay_portfolio_style-1 sc_blogger_item_even sc_blogger_item_align_none post_format_standard sc_blogger_item_with_image sc_blogger_item_no_excerpt sc_blogger_item_image_position_top post-27419 cpt_services type-cpt_services status-publish has-post-thumbnail hentry cpt_services_group-rotulacion-en-barcelona\" ><div class=\"sc_blogger_item_body\"><div class=\"post_featured with_thumb hover_on_waves sc_item_featured sc_blogger_item_featured trx_addons_image_effects_on_waves\" data-image-effect=\"on_waves\" data-image-effect-scale=\"1\" data-image-effect-strength=\"30\"><img decoding=\"async\" width=\"650\" height=\"572\" src=\"https:\/\/visualretolsbcn.com\/wp-content\/uploads\/2023\/10\/Sin-titulo-2-650x572.jpg\" class=\"attachment-ecoblue-thumb-medium-square size-ecoblue-thumb-medium-square wp-post-image\" alt=\"\" \/>\t\t\t\t\t\t<div class=\"mask\"><\/div>\n\t\t\t\t\t\t\t\t\t\t<a href=\"https:\/\/visualretolsbcn.com\/ca\/services\/letras-corporeas\/\"  aria-hidden=\"true\" class=\"icons\"><\/a>\r\n\t\t\t\t<\/div><div class=\"sc_blogger_item_content entry-content\"><h5 class=\"sc_blogger_item_title entry-title\" data-item-number=\"8\"><a href=\"https:\/\/visualretolsbcn.com\/ca\/services\/letras-corporeas\/\" rel=\"bookmark\">Letras Corporeas<\/a><\/h5><div class=\"post_meta sc_blogger_item_meta post_meta_categories\"><span class=\"post_meta_item post_categories cat_sep\"><a href=\"https:\/\/visualretolsbcn.com\/ca\/services_group\/rotulacion-en-barcelona\/\" title=\"View all posts in R\u00f3tulos\">R\u00f3tulos<\/a><\/span><\/div><\/div><!-- .entry-content --><\/div><!-- .sc_blogger_item_body --><\/div><!-- .sc_blogger_item --><\/div><div class=\"trx_addons_column-1_3\"><div data-post-id=\"27418\" data-item-number=\"9\" class=\"sc_blogger_item sc_item_container post_container sc_blogger_item_lay_portfolio sc_blogger_item_lay_portfolio_style-1 sc_blogger_item_odd sc_blogger_item_align_none post_format_standard sc_blogger_item_with_image sc_blogger_item_no_excerpt sc_blogger_item_image_position_top post-27418 cpt_services type-cpt_services status-publish has-post-thumbnail hentry cpt_services_group-rotulacion-en-barcelona\" ><div class=\"sc_blogger_item_body\"><div class=\"post_featured with_thumb hover_on_waves sc_item_featured sc_blogger_item_featured trx_addons_image_effects_on_waves\" data-image-effect=\"on_waves\" data-image-effect-scale=\"1\" data-image-effect-strength=\"30\"><img decoding=\"async\" width=\"650\" height=\"572\" src=\"https:\/\/visualretolsbcn.com\/wp-content\/uploads\/2023\/10\/lona-tensada-2-650x572.jpg\" class=\"attachment-ecoblue-thumb-medium-square size-ecoblue-thumb-medium-square wp-post-image\" alt=\"\" \/>\t\t\t\t\t\t<div class=\"mask\"><\/div>\n\t\t\t\t\t\t\t\t\t\t<a href=\"https:\/\/visualretolsbcn.com\/ca\/services\/lona-tensada\/\"  aria-hidden=\"true\" class=\"icons\"><\/a>\r\n\t\t\t\t<\/div><div class=\"sc_blogger_item_content entry-content\"><h5 class=\"sc_blogger_item_title entry-title\" data-item-number=\"9\"><a href=\"https:\/\/visualretolsbcn.com\/ca\/services\/lona-tensada\/\" rel=\"bookmark\">Lona Tensada<\/a><\/h5><div class=\"post_meta sc_blogger_item_meta post_meta_categories\"><span class=\"post_meta_item post_categories cat_sep\"><a href=\"https:\/\/visualretolsbcn.com\/ca\/services_group\/rotulacion-en-barcelona\/\" title=\"View all posts in R\u00f3tulos\">R\u00f3tulos<\/a><\/span><\/div><\/div><!-- .entry-content --><\/div><!-- .sc_blogger_item_body --><\/div><!-- .sc_blogger_item --><\/div><\/div><\/div>\t\t<\/div>\n\t\t\t\t<\/div>\n\t\t\t\t\t<\/div>\n\t\t<\/div>\n\t\t\t\t\t\t\t<\/div>\n\t\t<\/section>\n\t\t\t\t\t\t\t<\/div>","protected":false},"excerpt":{"rendered":"<p>Caj\u00f3n luminoso R\u00f3tulos Banderolas R\u00f3tulos<\/p>","protected":false},"author":1,"featured_media":0,"parent":0,"menu_order":0,"comment_status":"closed","ping_status":"closed","template":"","meta":{"footnotes":""},"class_list":["post-27397","page","type-page","status-publish","hentry"],"yoast_head":"<!-- This site is optimized with the Yoast SEO plugin v21.9.1 - https:\/\/yoast.com\/wordpress\/plugins\/seo\/ -->\n<title>Rotulos - Visual R\u00e8tols BCN<\/title>\n<meta name=\"robots\" content=\"index, follow, max-snippet:-1, max-image-preview:large, max-video-preview:-1\" \/>\n<link rel=\"canonical\" href=\"https:\/\/visualretolsbcn.com\/ca\/rotulos\/\" \/>\n<meta property=\"og:locale\" content=\"ca_ES\" \/>\n<meta property=\"og:type\" content=\"article\" \/>\n<meta property=\"og:title\" content=\"Rotulos - Visual R\u00e8tols BCN\" \/>\n<meta property=\"og:description\" content=\"Caj\u00f3n luminoso R\u00f3tulos Banderolas R\u00f3tulos\" \/>\n<meta property=\"og:url\" content=\"https:\/\/visualretolsbcn.com\/ca\/rotulos\/\" \/>\n<meta property=\"og:site_name\" content=\"Visual R\u00e8tols BCN\" \/>\n<meta property=\"article:modified_time\" content=\"2023-10-26T11:36:26+00:00\" \/>\n<meta property=\"og:image\" content=\"https:\/\/visualretolsbcn.com\/wp-content\/uploads\/2023\/10\/senaleticaa-650x572.jpg\" \/>\n<meta name=\"twitter:card\" content=\"summary_large_image\" \/>\n<script type=\"application\/ld+json\" class=\"yoast-schema-graph\">{\"@context\":\"https:\/\/schema.org\",\"@graph\":[{\"@type\":\"WebPage\",\"@id\":\"https:\/\/visualretolsbcn.com\/rotulos\/\",\"url\":\"https:\/\/visualretolsbcn.com\/rotulos\/\",\"name\":\"Rotulos - Visual R\u00e8tols BCN\",\"isPartOf\":{\"@id\":\"https:\/\/visualretolsbcn.com\/#website\"},\"datePublished\":\"2023-10-26T11:34:06+00:00\",\"dateModified\":\"2023-10-26T11:36:26+00:00\",\"breadcrumb\":{\"@id\":\"https:\/\/visualretolsbcn.com\/rotulos\/#breadcrumb\"},\"inLanguage\":\"ca\",\"potentialAction\":[{\"@type\":\"ReadAction\",\"target\":[\"https:\/\/visualretolsbcn.com\/rotulos\/\"]}]},{\"@type\":\"BreadcrumbList\",\"@id\":\"https:\/\/visualretolsbcn.com\/rotulos\/#breadcrumb\",\"itemListElement\":[{\"@type\":\"ListItem\",\"position\":1,\"name\":\"Portada\",\"item\":\"https:\/\/visualretolsbcn.com\/\"},{\"@type\":\"ListItem\",\"position\":2,\"name\":\"Rotulos\"}]},{\"@type\":\"WebSite\",\"@id\":\"https:\/\/visualretolsbcn.com\/#website\",\"url\":\"https:\/\/visualretolsbcn.com\/\",\"name\":\"Visual R\u00e8tols BCN\",\"description\":\"Fabricaci\u00f3n de R\u00f3tulos en Barcelona \",\"publisher\":{\"@id\":\"https:\/\/visualretolsbcn.com\/#organization\"},\"potentialAction\":[{\"@type\":\"SearchAction\",\"target\":{\"@type\":\"EntryPoint\",\"urlTemplate\":\"https:\/\/visualretolsbcn.com\/?s={search_term_string}\"},\"query-input\":\"required name=search_term_string\"}],\"inLanguage\":\"ca\"},{\"@type\":\"Organization\",\"@id\":\"https:\/\/visualretolsbcn.com\/#organization\",\"name\":\"Visual R\u00e8tols BCN\",\"url\":\"https:\/\/visualretolsbcn.com\/\",\"logo\":{\"@type\":\"ImageObject\",\"inLanguage\":\"ca\",\"@id\":\"https:\/\/visualretolsbcn.com\/#\/schema\/logo\/image\/\",\"url\":\"https:\/\/visualretolsbcn.com\/wp-content\/uploads\/2023\/10\/LOGOTIPO-VISUAL-RETOLS.png\",\"contentUrl\":\"https:\/\/visualretolsbcn.com\/wp-content\/uploads\/2023\/10\/LOGOTIPO-VISUAL-RETOLS.png\",\"width\":174,\"height\":140,\"caption\":\"Visual R\u00e8tols BCN \"},\"image\":{\"@id\":\"https:\/\/visualretolsbcn.com\/#\/schema\/logo\/image\/\"}}]}<\/script>\n<!-- \/ Yoast SEO plugin. -->","yoast_head_json":{"title":"Rotulos - Visual R\u00e8tols BCN","robots":{"index":"index","follow":"follow","max-snippet":"max-snippet:-1","max-image-preview":"max-image-preview:large","max-video-preview":"max-video-preview:-1"},"canonical":"https:\/\/visualretolsbcn.com\/ca\/rotulos\/","og_locale":"ca_ES","og_type":"article","og_title":"Rotulos - Visual R\u00e8tols BCN","og_description":"Caj\u00f3n luminoso R\u00f3tulos Banderolas R\u00f3tulos","og_url":"https:\/\/visualretolsbcn.com\/ca\/rotulos\/","og_site_name":"Visual R\u00e8tols BCN","article_modified_time":"2023-10-26T11:36:26+00:00","og_image":[{"url":"https:\/\/visualretolsbcn.com\/wp-content\/uploads\/2023\/10\/senaleticaa-650x572.jpg"}],"twitter_card":"summary_large_image","schema":{"@context":"https:\/\/schema.org","@graph":[{"@type":"WebPage","@id":"https:\/\/visualretolsbcn.com\/rotulos\/","url":"https:\/\/visualretolsbcn.com\/rotulos\/","name":"Rotulos - Visual R\u00e8tols BCN","isPartOf":{"@id":"https:\/\/visualretolsbcn.com\/#website"},"datePublished":"2023-10-26T11:34:06+00:00","dateModified":"2023-10-26T11:36:26+00:00","breadcrumb":{"@id":"https:\/\/visualretolsbcn.com\/rotulos\/#breadcrumb"},"inLanguage":"ca","potentialAction":[{"@type":"ReadAction","target":["https:\/\/visualretolsbcn.com\/rotulos\/"]}]},{"@type":"BreadcrumbList","@id":"https:\/\/visualretolsbcn.com\/rotulos\/#breadcrumb","itemListElement":[{"@type":"ListItem","position":1,"name":"Portada","item":"https:\/\/visualretolsbcn.com\/"},{"@type":"ListItem","position":2,"name":"Rotulos"}]},{"@type":"WebSite","@id":"https:\/\/visualretolsbcn.com\/#website","url":"https:\/\/visualretolsbcn.com\/","name":"Visual R\u00e8tols BCN","description":"Fabricaci\u00f3n de R\u00f3tulos en Barcelona ","publisher":{"@id":"https:\/\/visualretolsbcn.com\/#organization"},"potentialAction":[{"@type":"SearchAction","target":{"@type":"EntryPoint","urlTemplate":"https:\/\/visualretolsbcn.com\/?s={search_term_string}"},"query-input":"required name=search_term_string"}],"inLanguage":"ca"},{"@type":"Organization","@id":"https:\/\/visualretolsbcn.com\/#organization","name":"Visual R\u00e8tols BCN","url":"https:\/\/visualretolsbcn.com\/","logo":{"@type":"ImageObject","inLanguage":"ca","@id":"https:\/\/visualretolsbcn.com\/#\/schema\/logo\/image\/","url":"https:\/\/visualretolsbcn.com\/wp-content\/uploads\/2023\/10\/LOGOTIPO-VISUAL-RETOLS.png","contentUrl":"https:\/\/visualretolsbcn.com\/wp-content\/uploads\/2023\/10\/LOGOTIPO-VISUAL-RETOLS.png","width":174,"height":140,"caption":"Visual R\u00e8tols BCN "},"image":{"@id":"https:\/\/visualretolsbcn.com\/#\/schema\/logo\/image\/"}}]}},"_links":{"self":[{"href":"https:\/\/visualretolsbcn.com\/ca\/wp-json\/wp\/v2\/pages\/27397","targetHints":{"allow":["GET"]}}],"collection":[{"href":"https:\/\/visualretolsbcn.com\/ca\/wp-json\/wp\/v2\/pages"}],"about":[{"href":"https:\/\/visualretolsbcn.com\/ca\/wp-json\/wp\/v2\/types\/page"}],"author":[{"embeddable":true,"href":"https:\/\/visualretolsbcn.com\/ca\/wp-json\/wp\/v2\/users\/1"}],"replies":[{"embeddable":true,"href":"https:\/\/visualretolsbcn.com\/ca\/wp-json\/wp\/v2\/comments?post=27397"}],"version-history":[{"count":7,"href":"https:\/\/visualretolsbcn.com\/ca\/wp-json\/wp\/v2\/pages\/27397\/revisions"}],"predecessor-version":[{"id":27404,"href":"https:\/\/visualretolsbcn.com\/ca\/wp-json\/wp\/v2\/pages\/27397\/revisions\/27404"}],"wp:attachment":[{"href":"https:\/\/visualretolsbcn.com\/ca\/wp-json\/wp\/v2\/media?parent=27397"}],"curies":[{"name":"wp","href":"https:\/\/api.w.org\/{rel}","templated":true}]}}