{"id":1440,"date":"2020-04-30T10:32:31","date_gmt":"2020-04-30T10:32:31","guid":{"rendered":"https:\/\/visualretols.live-website.com\/?page_id=1440"},"modified":"2023-11-15T12:14:31","modified_gmt":"2023-11-15T12:14:31","slug":"contacts","status":"publish","type":"page","link":"https:\/\/visualretolsbcn.com\/ca\/contacts\/","title":{"rendered":"Contacto"},"content":{"rendered":"<div data-elementor-type=\"wp-page\" data-elementor-id=\"1440\" class=\"elementor elementor-1440\">\n\t\t\t\t\t\t\t\t\t<section class=\"elementor-section elementor-top-section elementor-element elementor-element-58d6a172 elementor-section-full_width elementor-section-height-default elementor-section-height-default sc_fly_static\" data-id=\"58d6a172\" data-element_type=\"section\" data-settings=\"{&quot;background_background&quot;:&quot;classic&quot;}\">\n\t\t\t\t\t\t<div class=\"elementor-container elementor-column-gap-no\">\n\t\t\t\t\t<div class=\"elementor-column elementor-col-100 elementor-top-column elementor-element elementor-element-14acc8a2 sc_inner_width_none sc_content_align_inherit sc_layouts_column_icons_position_left sc_fly_static\" data-id=\"14acc8a2\" data-element_type=\"column\">\n\t\t\t<div class=\"elementor-widget-wrap elementor-element-populated\">\n\t\t\t\t\t\t\t\t<div class=\"elementor-element elementor-element-1e0523d sc_fly_static elementor-widget elementor-widget-trx_sc_googlemap\" data-id=\"1e0523d\" data-element_type=\"widget\" data-widget_type=\"trx_sc_googlemap.default\">\n\t\t\t\t<div class=\"elementor-widget-container\">\n\t\t\t<div id=\"sc_googlemap_522634724_wrap\" class=\"sc_googlemap_wrap\"><div id=\"sc_googlemap_522634724\"\t\t\tclass=\"sc_item_content sc_map sc_googlemap sc_googlemap_default trx_addons_inline_692729407\"\n\t\t\t \t\t\tdata-zoom=\"14\"\n\t\t\tdata-center=\"\"\n\t\t\tdata-style=\"extra\"\n\t\t\tdata-cluster-icon=\"\"\n\t\t\t><iframe\n\t\t\t\t\t\tsrc=\"https:\/\/maps.google.com\/maps?t=m&output=embed&iwloc=near&z=14&q=visual+retols+bcn\"\n\t\t\t\t\t\taria-label=\"\"><\/iframe><\/div><\/div>\t\t<\/div>\n\t\t\t\t<\/div>\n\t\t\t\t\t<\/div>\n\t\t<\/div>\n\t\t\t\t\t\t\t<\/div>\n\t\t<\/section>\n\t\t\t\t<section class=\"elementor-section elementor-top-section elementor-element elementor-element-445b5c1 elementor-section-boxed elementor-section-height-default elementor-section-height-default sc_fly_static\" data-id=\"445b5c1\" data-element_type=\"section\" data-settings=\"{&quot;background_background&quot;:&quot;classic&quot;}\">\n\t\t\t\t\t\t<div class=\"elementor-container elementor-column-gap-no\">\n\t\t\t\t\t<div class=\"elementor-column elementor-col-100 elementor-top-column elementor-element elementor-element-a9cca72 sc_inner_width_none sc_content_align_inherit sc_layouts_column_icons_position_left sc_fly_static\" data-id=\"a9cca72\" data-element_type=\"column\">\n\t\t\t<div class=\"elementor-widget-wrap elementor-element-populated\">\n\t\t\t\t\t\t\t\t<div class=\"elementor-element elementor-element-6b5ad91 sc_height_huge sc_fly_static elementor-widget elementor-widget-spacer\" data-id=\"6b5ad91\" data-element_type=\"widget\" data-widget_type=\"spacer.default\">\n\t\t\t\t<div class=\"elementor-widget-container\">\n\t\t\t\t\t<div class=\"elementor-spacer\">\n\t\t\t<div class=\"elementor-spacer-inner\"><\/div>\n\t\t<\/div>\n\t\t\t\t<\/div>\n\t\t\t\t<\/div>\n\t\t\t\t<section class=\"elementor-section elementor-inner-section elementor-element elementor-element-25f41d9 elementor-section-boxed elementor-section-height-default elementor-section-height-default sc_fly_static\" data-id=\"25f41d9\" data-element_type=\"section\">\n\t\t\t\t\t\t<div class=\"elementor-container elementor-column-gap-no\">\n\t\t\t\t\t<div class=\"elementor-column elementor-col-50 elementor-inner-column elementor-element elementor-element-9beb102 sc_inner_width_none sc_content_align_inherit sc_layouts_column_icons_position_left sc_fly_static\" data-id=\"9beb102\" data-element_type=\"column\">\n\t\t\t<div class=\"elementor-widget-wrap elementor-element-populated\">\n\t\t\t\t\t\t\t\t<div class=\"elementor-element elementor-element-52c8e9d sc_fly_static elementor-widget elementor-widget-trx_sc_title\" data-id=\"52c8e9d\" data-element_type=\"widget\" data-widget_type=\"trx_sc_title.default\">\n\t\t\t\t<div class=\"elementor-widget-container\">\n\t\t\t<div\t\tclass=\"sc_title sc_title_default\" ><span class=\"sc_item_subtitle sc_title_subtitle sc_item_subtitle_above sc_item_title_style_default\">Cont\u00e1ctanos<\/span><h1 class=\"sc_item_title sc_title_title sc_item_title_style_default sc_item_title_tag trx_addons_inline_216533865\"\n\t\t\t><span class=\"sc_item_title_text\">\u00bfTienes m\u00e1s preguntas? <\/span><\/h1><div class=\"sc_item_descr sc_title_descr\"><p>Ya sea por tel\u00e9fono, correo electr\u00f3nico o visit\u00e1ndonos personalmente en nuestra sede en Barcelona, nuestro equipo de profesionales altamente capacitados est\u00e1 listo para ofrecerle soluciones personalizadas y creativas.<\/p>\n<\/div><\/div>\t\t<\/div>\n\t\t\t\t<\/div>\n\t\t\t\t<div class=\"elementor-element elementor-element-6179cb5 sc_fly_static elementor-widget elementor-widget-spacer\" data-id=\"6179cb5\" data-element_type=\"widget\" data-widget_type=\"spacer.default\">\n\t\t\t\t<div class=\"elementor-widget-container\">\n\t\t\t\t\t<div class=\"elementor-spacer\">\n\t\t\t<div class=\"elementor-spacer-inner\"><\/div>\n\t\t<\/div>\n\t\t\t\t<\/div>\n\t\t\t\t<\/div>\n\t\t\t\t<div class=\"elementor-element elementor-element-af79bd3 sc_fly_static elementor-widget elementor-widget-trx_sc_icons\" data-id=\"af79bd3\" data-element_type=\"widget\" data-widget_type=\"trx_sc_icons.default\">\n\t\t\t\t<div class=\"elementor-widget-container\">\n\t\t\t<div \tclass=\"sc_icons sc_icons_simple sc_icons_size_small sc_align_none\" ><div class=\"sc_icons_item with_more\"><div class=\"sc_icons_icon sc_icon_type_ icon-marker\" style=\"color: #FCAE32\" ><span class=\"sc_icon_type_ icon-marker\" style=\"color: #FCAE32\"><\/span><\/div><div class=\"sc_icons_item_details\"><div class=\"sc_icons_item_description\"><span>C\/ de Conca, 17, 08026 Barcelona<\/span><\/div><\/div><\/div><div class=\"sc_icons_item sc_icons_item_linked with_more\"><div class=\"sc_icons_icon sc_icon_type_ icon-iphone\" style=\"color: #FCAE32\" ><span class=\"sc_icon_type_ icon-iphone\" style=\"color: #FCAE32\"><\/span><\/div><div class=\"sc_icons_item_details\"><a href=\"tel: 34 652 21 29 82\" class=\"sc_icons_item_more_link\">\r\n                        <span class=\"link_text\">652 21 29 82<\/span><span class=\"link_icon\"><\/span>\r\n                        <\/a><a href=\"tel: 34 652 21 29 82\"\r\n                        class=\"sc_icons_item_link\">\r\n                        <\/a><\/div><\/div><div class=\"sc_icons_item with_more\"><div class=\"sc_icons_icon sc_icon_type_ icon-envelope-2\" style=\"color: #FCAE32\" ><span class=\"sc_icon_type_ icon-envelope-2\" style=\"color: #FCAE32\"><\/span><\/div><div class=\"sc_icons_item_details\"><div class=\"sc_icons_item_description\"><span><a href=\"mailto:sergi@visualretolsbcn.com\">sergi@visualretolsbcn.com<\/a><\/span><\/div><\/div><\/div><\/div><!-- \/.sc_icons -->\t\t<\/div>\n\t\t\t\t<\/div>\n\t\t\t\t\t<\/div>\n\t\t<\/div>\n\t\t\t\t<div class=\"elementor-column elementor-col-50 elementor-inner-column elementor-element elementor-element-cb49a60 sc_inner_width_none sc_content_align_inherit sc_layouts_column_icons_position_left sc_fly_static\" data-id=\"cb49a60\" data-element_type=\"column\">\n\t\t\t<div class=\"elementor-widget-wrap elementor-element-populated\">\n\t\t\t\t\t\t\t\t<div class=\"elementor-element elementor-element-2cff2a9 sc_fly_static elementor-widget elementor-widget-spacer\" data-id=\"2cff2a9\" data-element_type=\"widget\" data-widget_type=\"spacer.default\">\n\t\t\t\t<div class=\"elementor-widget-container\">\n\t\t\t\t\t<div class=\"elementor-spacer\">\n\t\t\t<div class=\"elementor-spacer-inner\"><\/div>\n\t\t<\/div>\n\t\t\t\t<\/div>\n\t\t\t\t<\/div>\n\t\t\t\t<div class=\"elementor-element elementor-element-4272f71 sc_fly_static elementor-widget elementor-widget-image\" data-id=\"4272f71\" data-element_type=\"widget\" data-widget_type=\"image.default\">\n\t\t\t\t<div class=\"elementor-widget-container\">\n\t\t\t\t\t\t\t\t\t\t\t\t\t\t\t<img loading=\"lazy\" decoding=\"async\" width=\"680\" height=\"494\" src=\"https:\/\/visualretolsbcn.com\/wp-content\/uploads\/2023\/11\/Visual-Retols-Bcn-Carrer-de-Conca-Barcelona-1.jpg\" class=\"attachment-large size-large wp-image-27575\" alt=\"\" srcset=\"https:\/\/visualretolsbcn.com\/wp-content\/uploads\/2023\/11\/Visual-Retols-Bcn-Carrer-de-Conca-Barcelona-1.jpg 680w, https:\/\/visualretolsbcn.com\/wp-content\/uploads\/2023\/11\/Visual-Retols-Bcn-Carrer-de-Conca-Barcelona-1-300x218.jpg 300w, https:\/\/visualretolsbcn.com\/wp-content\/uploads\/2023\/11\/Visual-Retols-Bcn-Carrer-de-Conca-Barcelona-1-370x269.jpg 370w, https:\/\/visualretolsbcn.com\/wp-content\/uploads\/2023\/11\/Visual-Retols-Bcn-Carrer-de-Conca-Barcelona-1-410x298.jpg 410w, https:\/\/visualretolsbcn.com\/wp-content\/uploads\/2023\/11\/Visual-Retols-Bcn-Carrer-de-Conca-Barcelona-1-600x436.jpg 600w\" sizes=\"auto, (max-width: 680px) 100vw, 680px\" \/>\t\t\t\t\t\t\t\t\t\t\t\t\t\t\t<\/div>\n\t\t\t\t<\/div>\n\t\t\t\t\t<\/div>\n\t\t<\/div>\n\t\t\t\t\t\t\t<\/div>\n\t\t<\/section>\n\t\t\t\t<div class=\"elementor-element elementor-element-78ec976 sc_height_huge sc_fly_static elementor-widget elementor-widget-spacer\" data-id=\"78ec976\" data-element_type=\"widget\" data-widget_type=\"spacer.default\">\n\t\t\t\t<div class=\"elementor-widget-container\">\n\t\t\t\t\t<div class=\"elementor-spacer\">\n\t\t\t<div class=\"elementor-spacer-inner\"><\/div>\n\t\t<\/div>\n\t\t\t\t<\/div>\n\t\t\t\t<\/div>\n\t\t\t\t\t<\/div>\n\t\t<\/div>\n\t\t\t\t\t\t\t<\/div>\n\t\t<\/section>\n\t\t\t\t\t\t\t<\/div>","protected":false},"excerpt":{"rendered":"<p>Cont\u00e1ctanos \u00bfTienes m\u00e1s preguntas? Ya sea por tel\u00e9fono, correo electr\u00f3nico o visit\u00e1ndonos personalmente en nuestra sede en Barcelona, nuestro equipo de profesionales altamente capacitados est\u00e1 listo para ofrecerle soluciones personalizadas&hellip;<\/p>","protected":false},"author":1,"featured_media":0,"parent":0,"menu_order":0,"comment_status":"closed","ping_status":"closed","template":"","meta":{"footnotes":""},"class_list":["post-1440","page","type-page","status-publish","hentry"],"yoast_head":"<!-- This site is optimized with the Yoast SEO plugin v21.9.1 - https:\/\/yoast.com\/wordpress\/plugins\/seo\/ -->\n<title>Contacto - Visual R\u00e8tols BCN<\/title>\n<meta name=\"robots\" content=\"index, follow, max-snippet:-1, max-image-preview:large, max-video-preview:-1\" \/>\n<link rel=\"canonical\" href=\"https:\/\/visualretolsbcn.com\/ca\/contacts\/\" \/>\n<meta property=\"og:locale\" content=\"ca_ES\" \/>\n<meta property=\"og:type\" content=\"article\" \/>\n<meta property=\"og:title\" content=\"Contacto - Visual R\u00e8tols BCN\" \/>\n<meta property=\"og:description\" content=\"Cont\u00e1ctanos \u00bfTienes m\u00e1s preguntas? Ya sea por tel\u00e9fono, correo electr\u00f3nico o visit\u00e1ndonos personalmente en nuestra sede en Barcelona, nuestro equipo de profesionales altamente capacitados est\u00e1 listo para ofrecerle soluciones personalizadas&hellip;\" \/>\n<meta property=\"og:url\" content=\"https:\/\/visualretolsbcn.com\/ca\/contacts\/\" \/>\n<meta property=\"og:site_name\" content=\"Visual R\u00e8tols BCN\" \/>\n<meta property=\"article:modified_time\" content=\"2023-11-15T12:14:31+00:00\" \/>\n<meta property=\"og:image\" content=\"https:\/\/visualretolsbcn.com\/wp-content\/uploads\/2023\/11\/Visual-Retols-Bcn-Carrer-de-Conca-Barcelona-1.jpg\" \/>\n<meta name=\"twitter:card\" content=\"summary_large_image\" \/>\n<script type=\"application\/ld+json\" class=\"yoast-schema-graph\">{\"@context\":\"https:\/\/schema.org\",\"@graph\":[{\"@type\":\"WebPage\",\"@id\":\"https:\/\/visualretolsbcn.com\/contacts\/\",\"url\":\"https:\/\/visualretolsbcn.com\/contacts\/\",\"name\":\"Contacto - Visual R\u00e8tols BCN\",\"isPartOf\":{\"@id\":\"https:\/\/visualretolsbcn.com\/#website\"},\"datePublished\":\"2020-04-30T10:32:31+00:00\",\"dateModified\":\"2023-11-15T12:14:31+00:00\",\"breadcrumb\":{\"@id\":\"https:\/\/visualretolsbcn.com\/contacts\/#breadcrumb\"},\"inLanguage\":\"ca\",\"potentialAction\":[{\"@type\":\"ReadAction\",\"target\":[\"https:\/\/visualretolsbcn.com\/contacts\/\"]}]},{\"@type\":\"BreadcrumbList\",\"@id\":\"https:\/\/visualretolsbcn.com\/contacts\/#breadcrumb\",\"itemListElement\":[{\"@type\":\"ListItem\",\"position\":1,\"name\":\"Portada\",\"item\":\"https:\/\/visualretolsbcn.com\/\"},{\"@type\":\"ListItem\",\"position\":2,\"name\":\"Contacto\"}]},{\"@type\":\"WebSite\",\"@id\":\"https:\/\/visualretolsbcn.com\/#website\",\"url\":\"https:\/\/visualretolsbcn.com\/\",\"name\":\"Visual R\u00e8tols BCN\",\"description\":\"Fabricaci\u00f3n de R\u00f3tulos en Barcelona \",\"publisher\":{\"@id\":\"https:\/\/visualretolsbcn.com\/#organization\"},\"potentialAction\":[{\"@type\":\"SearchAction\",\"target\":{\"@type\":\"EntryPoint\",\"urlTemplate\":\"https:\/\/visualretolsbcn.com\/?s={search_term_string}\"},\"query-input\":\"required name=search_term_string\"}],\"inLanguage\":\"ca\"},{\"@type\":\"Organization\",\"@id\":\"https:\/\/visualretolsbcn.com\/#organization\",\"name\":\"Visual R\u00e8tols BCN\",\"url\":\"https:\/\/visualretolsbcn.com\/\",\"logo\":{\"@type\":\"ImageObject\",\"inLanguage\":\"ca\",\"@id\":\"https:\/\/visualretolsbcn.com\/#\/schema\/logo\/image\/\",\"url\":\"https:\/\/visualretolsbcn.com\/wp-content\/uploads\/2023\/10\/LOGOTIPO-VISUAL-RETOLS.png\",\"contentUrl\":\"https:\/\/visualretolsbcn.com\/wp-content\/uploads\/2023\/10\/LOGOTIPO-VISUAL-RETOLS.png\",\"width\":174,\"height\":140,\"caption\":\"Visual R\u00e8tols BCN \"},\"image\":{\"@id\":\"https:\/\/visualretolsbcn.com\/#\/schema\/logo\/image\/\"}}]}<\/script>\n<!-- \/ Yoast SEO plugin. -->","yoast_head_json":{"title":"Contacto - Visual R\u00e8tols BCN","robots":{"index":"index","follow":"follow","max-snippet":"max-snippet:-1","max-image-preview":"max-image-preview:large","max-video-preview":"max-video-preview:-1"},"canonical":"https:\/\/visualretolsbcn.com\/ca\/contacts\/","og_locale":"ca_ES","og_type":"article","og_title":"Contacto - Visual R\u00e8tols BCN","og_description":"Cont\u00e1ctanos \u00bfTienes m\u00e1s preguntas? Ya sea por tel\u00e9fono, correo electr\u00f3nico o visit\u00e1ndonos personalmente en nuestra sede en Barcelona, nuestro equipo de profesionales altamente capacitados est\u00e1 listo para ofrecerle soluciones personalizadas&hellip;","og_url":"https:\/\/visualretolsbcn.com\/ca\/contacts\/","og_site_name":"Visual R\u00e8tols BCN","article_modified_time":"2023-11-15T12:14:31+00:00","og_image":[{"url":"https:\/\/visualretolsbcn.com\/wp-content\/uploads\/2023\/11\/Visual-Retols-Bcn-Carrer-de-Conca-Barcelona-1.jpg"}],"twitter_card":"summary_large_image","schema":{"@context":"https:\/\/schema.org","@graph":[{"@type":"WebPage","@id":"https:\/\/visualretolsbcn.com\/contacts\/","url":"https:\/\/visualretolsbcn.com\/contacts\/","name":"Contacto - Visual R\u00e8tols BCN","isPartOf":{"@id":"https:\/\/visualretolsbcn.com\/#website"},"datePublished":"2020-04-30T10:32:31+00:00","dateModified":"2023-11-15T12:14:31+00:00","breadcrumb":{"@id":"https:\/\/visualretolsbcn.com\/contacts\/#breadcrumb"},"inLanguage":"ca","potentialAction":[{"@type":"ReadAction","target":["https:\/\/visualretolsbcn.com\/contacts\/"]}]},{"@type":"BreadcrumbList","@id":"https:\/\/visualretolsbcn.com\/contacts\/#breadcrumb","itemListElement":[{"@type":"ListItem","position":1,"name":"Portada","item":"https:\/\/visualretolsbcn.com\/"},{"@type":"ListItem","position":2,"name":"Contacto"}]},{"@type":"WebSite","@id":"https:\/\/visualretolsbcn.com\/#website","url":"https:\/\/visualretolsbcn.com\/","name":"Visual R\u00e8tols BCN","description":"Fabricaci\u00f3n de R\u00f3tulos en Barcelona ","publisher":{"@id":"https:\/\/visualretolsbcn.com\/#organization"},"potentialAction":[{"@type":"SearchAction","target":{"@type":"EntryPoint","urlTemplate":"https:\/\/visualretolsbcn.com\/?s={search_term_string}"},"query-input":"required name=search_term_string"}],"inLanguage":"ca"},{"@type":"Organization","@id":"https:\/\/visualretolsbcn.com\/#organization","name":"Visual R\u00e8tols BCN","url":"https:\/\/visualretolsbcn.com\/","logo":{"@type":"ImageObject","inLanguage":"ca","@id":"https:\/\/visualretolsbcn.com\/#\/schema\/logo\/image\/","url":"https:\/\/visualretolsbcn.com\/wp-content\/uploads\/2023\/10\/LOGOTIPO-VISUAL-RETOLS.png","contentUrl":"https:\/\/visualretolsbcn.com\/wp-content\/uploads\/2023\/10\/LOGOTIPO-VISUAL-RETOLS.png","width":174,"height":140,"caption":"Visual R\u00e8tols BCN "},"image":{"@id":"https:\/\/visualretolsbcn.com\/#\/schema\/logo\/image\/"}}]}},"_links":{"self":[{"href":"https:\/\/visualretolsbcn.com\/ca\/wp-json\/wp\/v2\/pages\/1440","targetHints":{"allow":["GET"]}}],"collection":[{"href":"https:\/\/visualretolsbcn.com\/ca\/wp-json\/wp\/v2\/pages"}],"about":[{"href":"https:\/\/visualretolsbcn.com\/ca\/wp-json\/wp\/v2\/types\/page"}],"author":[{"embeddable":true,"href":"https:\/\/visualretolsbcn.com\/ca\/wp-json\/wp\/v2\/users\/1"}],"replies":[{"embeddable":true,"href":"https:\/\/visualretolsbcn.com\/ca\/wp-json\/wp\/v2\/comments?post=1440"}],"version-history":[{"count":13,"href":"https:\/\/visualretolsbcn.com\/ca\/wp-json\/wp\/v2\/pages\/1440\/revisions"}],"predecessor-version":[{"id":27870,"href":"https:\/\/visualretolsbcn.com\/ca\/wp-json\/wp\/v2\/pages\/1440\/revisions\/27870"}],"wp:attachment":[{"href":"https:\/\/visualretolsbcn.com\/ca\/wp-json\/wp\/v2\/media?parent=1440"}],"curies":[{"name":"wp","href":"https:\/\/api.w.org\/{rel}","templated":true}]}}